{"id":183,"date":"2022-06-01T19:29:02","date_gmt":"2022-06-01T19:29:02","guid":{"rendered":"http:\/\/present.enterprises\/?page_id=183"},"modified":"2022-07-27T18:45:23","modified_gmt":"2022-07-27T18:45:23","slug":"about-martha-de","status":"publish","type":"page","link":"http:\/\/present.enterprises\/de\/about-martha-de\/","title":{"rendered":"info"},"content":{"rendered":"<p>[vc_row][vc_column][vc_empty_space][vc_column_text]Johanna Strobel<br \/>\n<i>My heart is not a clock (Martha)<\/i>, 2022<br \/>\n360 video, 5.7K, 5:28 min<\/p>\n<p>&nbsp;<\/p>\n<p>Die K\u00fcnstlerin Johanna Strobel pr\u00e4sentiert ihre erste immersive Simulation <em>My heart is not a clock (Martha)<\/em>, 2022, in der sie disparate Referenzen aus verschiedenen Epochen und Geografien miteinander verkn\u00fcpft. Das Projekt ist Strobels j\u00fcngste Iteration ihrer kontinuierlichen Besch\u00e4ftigung mit Zeit als Konstrukt, das zugleich beschr\u00e4nkend und absurd ist, aber dennoch einen konstanten und bestimmenden Faktor unseres Lebens darstellt. Die 5:28 min lange Arbeit, deren Narration von der K\u00fcnstlerin gesprochen wird, l\u00e4uft in einer Endlosschleife und kann auf der Website oder mit einer speziell gestalteten, kostenlos erh\u00e4ltlichen VR-Brille aus Karton erlebt werden.<\/p>\n<p>&nbsp;<\/p>\n<p>15:10<br \/>\n<em>Nach fast einem halben Jahrzehnt sind die Bauarbeiten nun endlich abgeschlossen. Die Villa mit ihren \u00fcppigen Fresken, die sich \u00fcber die weitl\u00e4ufigen Decken erstrecken, ist ein wahres Wunder f\u00fcr alle, die das Gl\u00fcck haben, sie zu besuchen. Bei der Einweihungszeremonie fragt ein verwirrter Gast den M\u00e4zen Signore Agostino Chigi: &#8222;Was wird aus den kargen Sockeln, die als Trompe-l&#8217;oeil-Gem\u00e4lde die W\u00e4nde s\u00e4umen? Womit werden die Maler diese L\u00fccken f\u00fcllen? Das Fresko kann doch nicht vollst\u00e4ndig sein.&#8220; Das darauf folgende Schweigen l\u00e4sst f\u00fcr den Gast nur den Schluss zu, dass die Abwesenheit, die ein unstillbares Verlangen hervorruft, eben der vorgesehene Bewohner der kalten, grauen Sockel ist. Kann sich das Verlangen \u00fcber die Grenzen der eigenen Lebensspanne hinaus ausdehnen? Signore Chigi, ganz besch\u00e4ftigt sowohl mit der eigenen Nabelschau als auch mit dem Blick auf die Sterne, lie\u00df die Loggia der Villa mit einer eleganten astrologischen Konstellation schm\u00fccken, die die Positionen der Planeten am 29. November, dem Geburtsdatum des Patrons, zeigt. Doch die Planeten kreisen weiter, und in diesem Moment ist die Erde mit all ihren Bewohner*innen so alt wie nie zuvor.<\/em><\/p>\n<p>&nbsp;<\/p>\n<p>18:45<br \/>\n<em>Weit jenseits der Felder am Rande der Stadt zieht eine niedrige dunkle Wolke schnell \u00fcber den Horizont. Sie n\u00e4hert sich begleitet von einer ohrenbet\u00e4ubenden Kakophonie. Dies ist keine Wolke &#8211; die Passengers sind in Massen zur\u00fcckgekehrt, ihre schwankenden K\u00f6rper verdunkeln den Boden unter ihnen wie eine totale Sonnenfinsternis. Ihr Hunger und ihre schiere Anzahl haben Lebensgrundlagen zerst\u00f6rt, und ihre endlose, aberwitzige Suche nach Nahrung und Brutst\u00e4tten qu\u00e4lt die Anwohner*innen, von denen viele schlie\u00dflich zu dem Schluss kommen, dass die Art vernichtet werden muss. Eine Kampagne zur Ausrottung der Passengers hat begonnen, die Menschen schie\u00dfen ziellos in den Himmel.<\/em><\/p>\n<p>&nbsp;<\/p>\n<p>19:14<br \/>\n<em>Martha war die einzige noch lebende der Passengers, ein Endling. Sie wurde viele Jahre lang in Gefangenschaft gehalten und konnte sich in ihrem engen K\u00e4fig kaum bewegen oder mit Artgenoss*innen in Kontakt treten &#8211; sie waren alle ausgestorben. M\u00f6glicherweise beeintr\u00e4chtigten diese melancholischen Umst\u00e4nde ihr Kreislaufsystem, was schlie\u00dflich zu ihrem Tod durch einen Schlaganfall f\u00fchrte. Nach ihrem Tod machten sich die Tierpr\u00e4parator*innen an die Arbeit und konservierten ihr Fleisch und ihre Sehnen &#8211; schlie\u00dflich war Martha eine lokale Ber\u00fchmtheit. Ihr zu Ehren wurde eine Zeremonie abgehalten und eine Gedenkstatue errichtet, zur Erinnerung an die Passengers f\u00fcr kommende Generationen.<\/em><\/p>\n<p>&nbsp;<\/p>\n<p>20:22<br \/>\n<em>Die italienische Renaissance-Villa erhebt sich aus der Asche und setzt sich langsam wieder zusammen, nur um erneut zu Staub zu zerfallen. Ineinander verschr\u00e4nkt und im Einklang wirbelnd, str\u00f6men die Passengers zu dem reinkarnierten Ort, nur um kurz darauf wieder zu verschwinden. Wessen wollen wir als Individuum oder als Gesellschaft gedenken? Vergessen wir niemals, dass Abwesenheit Begehrlichkeiten weckt.<\/em><br \/>\n<em>Zeit wird in der Regel als linear verstanden, doch unsere allgegenw\u00e4rtigste visuelle Darstellung &#8211; die kreisf\u00f6rmige Dreizeigeruhr &#8211; widersetzt sich genau dieser Vorstellung. Das Herz, ebenfalls eine Art Uhr, schl\u00e4gt innerhalb einer bestimmten Lebensspanne nur eine bestimmte Anzahl von Malen. Mit der Geburt beginnt ein langsamer und endloser Countdown. Marthas Uhr ist schon vor langer Zeit abgelaufen, und dennoch werden derzeit Verfahren zur R\u00fcck-Ausrottung der Tiere untersucht. Wissenschaftler*innen diskutieren, ob sich Marthas getrocknete und staubige Haut verwenden l\u00e4sst, um eine neue Generation von Passengers mehr als 100 Jahre nach ihrem Aussterben wieder erstehen zu lassen. Ein Frankenstein&#8217;scher Ph\u00f6nix dieser Art h\u00e4tte unbestreitbar komplexe Auswirkungen, \u00f6kologisch und folgenschwer, weitreichend und unvorhersehbar. Ist Marthas Abwesenheit ein Grund f\u00fcr den Wunsch nach einer unnat\u00fcrlichen Regenerierung ihrer Art? Die Reinkarnation durch menschliches Eingreifen ist der Akt, der einer menschenm\u00f6glichen Zeitreise am n\u00e4chsten kommt.<\/em><\/p>\n<p style=\"text-align: right;\">&#8211; Moira Sims, 2022<\/p>\n<p>[\/vc_column_text][vc_empty_space][vc_empty_space][vc_column_text]<strong>Moira Sims<\/strong> ist Autorin, Kuratorin und Produzentin von K\u00fcnstler*innenprojekten und Ausstellungen und lebt und arbeitet in New York City. Im Jahr 2020 gr\u00fcndete Sims Octagon, eine kuratorische Initiative, die,konzentriert auf enge Zusammenarbeit, lange Einzelprojekte realisiert. Octagon ist ein Zuhause f\u00fcr alle und eine Form f\u00fcr die Ewigkeit.[\/vc_column_text][vc_empty_space height=&#8220;16px&#8220;][vc_column_text]<strong>Johanna Strobel<\/strong> besch\u00e4ftigt sich in ihrer interdisziplin\u00e4ren Arbeit mit &#8222;gro\u00dfen&#8220; Themen und sperrigen Begriffen wie Zeit und Raum, Information und Macht, Entropie, (konzeptioneller) Geometrie, Sprache und der Entstehung, Zuschreibung und Aufhebung von (sprachlicher) Bedeutung. Sie studierte Mathematik und Informationswissenschaft an der Universit\u00e4t Regensburg sowie Malerei und Grafik an der Akademie der Bildenden K\u00fcnste M\u00fcnchen. Im Jahr 2020 erwarb sie ihren MFA am Hunter College in New York City.[\/vc_column_text][vc_empty_space][vc_empty_space][vc_empty_space][vc_empty_space][\/vc_column][\/vc_row][vc_row][vc_column width=&#8220;1\/2&#8243;][vc_column_text]<\/p>\n<h6><a href=\"http:\/\/present.enterprises\/de\/impressum\/\">Impressum<\/a><\/h6>\n<p>[\/vc_column_text][\/vc_column][vc_column width=&#8220;1\/2&#8243;][\/vc_column][\/vc_row][vc_row][vc_column width=&#8220;1\/2&#8243;][\/vc_column][vc_column width=&#8220;1\/2&#8243;][vc_column_text]<\/p>\n<h3 style=\"text-align: right;\">Gef\u00f6rdert durch die Beauftragte der Bundesregierung f\u00fcr Kultur und Medien.<\/h3>\n<h3 style=\"text-align: right;\"><img loading=\"lazy\" decoding=\"async\" class=\"alignnone size-medium wp-image-138\" src=\"http:\/\/present.enterprises\/wp-content\/uploads\/2022\/05\/alleLogos_Zeichenflache-1-300x72.jpg\" alt=\"\" width=\"300\" height=\"72\" srcset=\"http:\/\/present.enterprises\/wp-content\/uploads\/2022\/05\/alleLogos_Zeichenflache-1-300x72.jpg 300w, http:\/\/present.enterprises\/wp-content\/uploads\/2022\/05\/alleLogos_Zeichenflache-1.jpg 503w\" sizes=\"auto, (max-width: 300px) 100vw, 300px\" \/><\/h3>\n<h3 style=\"text-align: right;\"><\/h3>\n<p>[\/vc_column_text][\/vc_column][\/vc_row]<\/p>\n","protected":false},"excerpt":{"rendered":"<p>[vc_row][vc_column][vc_empty_space][vc_column_text]Johanna Strobel My heart is not a clock (Martha), 2022 360 video, 5.7K, 5:28 min &nbsp; Die K\u00fcnstlerin Johanna Strobel pr\u00e4sentiert ihre erste immersive Simulation My heart is not a clock (Martha), 2022, in der sie disparate Referenzen aus verschiedenen Epochen und Geografien miteinander verkn\u00fcpft. Das Projekt ist Strobels j\u00fcngste Iteration ihrer kontinuierlichen Besch\u00e4ftigung mit&hellip;<\/p>\n","protected":false},"author":1,"featured_media":0,"parent":0,"menu_order":0,"comment_status":"closed","ping_status":"closed","template":"","meta":{"_acf_changed":false,"footnotes":""},"class_list":["post-183","page","type-page","status-publish","hentry"],"acf":[],"yoast_head":"<!-- This site is optimized with the Yoast SEO plugin v27.3 - https:\/\/yoast.com\/product\/yoast-seo-wordpress\/ -->\n<title>info - present enterprises<\/title>\n<meta name=\"robots\" content=\"index, follow, max-snippet:-1, max-image-preview:large, max-video-preview:-1\" \/>\n<link rel=\"canonical\" href=\"http:\/\/present.enterprises\/de\/about-martha-de\/\" \/>\n<meta property=\"og:locale\" content=\"de_DE\" \/>\n<meta property=\"og:type\" content=\"article\" \/>\n<meta property=\"og:title\" content=\"info - present enterprises\" \/>\n<meta property=\"og:description\" content=\"[vc_row][vc_column][vc_empty_space][vc_column_text]Johanna Strobel My heart is not a clock (Martha), 2022 360 video, 5.7K, 5:28 min &nbsp; Die K\u00fcnstlerin Johanna Strobel pr\u00e4sentiert ihre erste immersive Simulation My heart is not a clock (Martha), 2022, in der sie disparate Referenzen aus verschiedenen Epochen und Geografien miteinander verkn\u00fcpft. Das Projekt ist Strobels j\u00fcngste Iteration ihrer kontinuierlichen Besch\u00e4ftigung mit&hellip;\" \/>\n<meta property=\"og:url\" content=\"http:\/\/present.enterprises\/de\/about-martha-de\/\" \/>\n<meta property=\"og:site_name\" content=\"present enterprises\" \/>\n<meta property=\"article:modified_time\" content=\"2022-07-27T18:45:23+00:00\" \/>\n<meta property=\"og:image\" content=\"http:\/\/present.enterprises\/wp-content\/uploads\/2022\/05\/alleLogos_Zeichenflache-1-300x72.jpg\" \/>\n<meta name=\"twitter:card\" content=\"summary_large_image\" \/>\n<meta name=\"twitter:label1\" content=\"Gesch\u00e4tzte Lesezeit\" \/>\n\t<meta name=\"twitter:data1\" content=\"4\u00a0Minuten\" \/>\n<script type=\"application\/ld+json\" class=\"yoast-schema-graph\">{\"@context\":\"https:\\\/\\\/schema.org\",\"@graph\":[{\"@type\":\"WebPage\",\"@id\":\"http:\\\/\\\/present.enterprises\\\/de\\\/about-martha-de\\\/\",\"url\":\"http:\\\/\\\/present.enterprises\\\/de\\\/about-martha-de\\\/\",\"name\":\"info - present enterprises\",\"isPartOf\":{\"@id\":\"https:\\\/\\\/present.enterprises\\\/de\\\/#website\"},\"primaryImageOfPage\":{\"@id\":\"http:\\\/\\\/present.enterprises\\\/de\\\/about-martha-de\\\/#primaryimage\"},\"image\":{\"@id\":\"http:\\\/\\\/present.enterprises\\\/de\\\/about-martha-de\\\/#primaryimage\"},\"thumbnailUrl\":\"http:\\\/\\\/present.enterprises\\\/wp-content\\\/uploads\\\/2022\\\/05\\\/alleLogos_Zeichenflache-1-300x72.jpg\",\"datePublished\":\"2022-06-01T19:29:02+00:00\",\"dateModified\":\"2022-07-27T18:45:23+00:00\",\"breadcrumb\":{\"@id\":\"http:\\\/\\\/present.enterprises\\\/de\\\/about-martha-de\\\/#breadcrumb\"},\"inLanguage\":\"de\",\"potentialAction\":[{\"@type\":\"ReadAction\",\"target\":[\"http:\\\/\\\/present.enterprises\\\/de\\\/about-martha-de\\\/\"]}]},{\"@type\":\"ImageObject\",\"inLanguage\":\"de\",\"@id\":\"http:\\\/\\\/present.enterprises\\\/de\\\/about-martha-de\\\/#primaryimage\",\"url\":\"http:\\\/\\\/present.enterprises\\\/wp-content\\\/uploads\\\/2022\\\/05\\\/alleLogos_Zeichenflache-1-300x72.jpg\",\"contentUrl\":\"http:\\\/\\\/present.enterprises\\\/wp-content\\\/uploads\\\/2022\\\/05\\\/alleLogos_Zeichenflache-1-300x72.jpg\"},{\"@type\":\"BreadcrumbList\",\"@id\":\"http:\\\/\\\/present.enterprises\\\/de\\\/about-martha-de\\\/#breadcrumb\",\"itemListElement\":[{\"@type\":\"ListItem\",\"position\":1,\"name\":\"Home\",\"item\":\"http:\\\/\\\/present.enterprises\\\/de\\\/\"},{\"@type\":\"ListItem\",\"position\":2,\"name\":\"info\"}]},{\"@type\":\"WebSite\",\"@id\":\"https:\\\/\\\/present.enterprises\\\/de\\\/#website\",\"url\":\"https:\\\/\\\/present.enterprises\\\/de\\\/\",\"name\":\"present enterprises\",\"description\":\"Time is sensation, not gravity.\",\"potentialAction\":[{\"@type\":\"SearchAction\",\"target\":{\"@type\":\"EntryPoint\",\"urlTemplate\":\"https:\\\/\\\/present.enterprises\\\/de\\\/?s={search_term_string}\"},\"query-input\":{\"@type\":\"PropertyValueSpecification\",\"valueRequired\":true,\"valueName\":\"search_term_string\"}}],\"inLanguage\":\"de\"}]}<\/script>\n<!-- \/ Yoast SEO plugin. -->","yoast_head_json":{"title":"info - present enterprises","robots":{"index":"index","follow":"follow","max-snippet":"max-snippet:-1","max-image-preview":"max-image-preview:large","max-video-preview":"max-video-preview:-1"},"canonical":"http:\/\/present.enterprises\/de\/about-martha-de\/","og_locale":"de_DE","og_type":"article","og_title":"info - present enterprises","og_description":"[vc_row][vc_column][vc_empty_space][vc_column_text]Johanna Strobel My heart is not a clock (Martha), 2022 360 video, 5.7K, 5:28 min &nbsp; Die K\u00fcnstlerin Johanna Strobel pr\u00e4sentiert ihre erste immersive Simulation My heart is not a clock (Martha), 2022, in der sie disparate Referenzen aus verschiedenen Epochen und Geografien miteinander verkn\u00fcpft. Das Projekt ist Strobels j\u00fcngste Iteration ihrer kontinuierlichen Besch\u00e4ftigung mit&hellip;","og_url":"http:\/\/present.enterprises\/de\/about-martha-de\/","og_site_name":"present enterprises","article_modified_time":"2022-07-27T18:45:23+00:00","og_image":[{"url":"http:\/\/present.enterprises\/wp-content\/uploads\/2022\/05\/alleLogos_Zeichenflache-1-300x72.jpg","type":"","width":"","height":""}],"twitter_card":"summary_large_image","twitter_misc":{"Gesch\u00e4tzte Lesezeit":"4\u00a0Minuten"},"schema":{"@context":"https:\/\/schema.org","@graph":[{"@type":"WebPage","@id":"http:\/\/present.enterprises\/de\/about-martha-de\/","url":"http:\/\/present.enterprises\/de\/about-martha-de\/","name":"info - present enterprises","isPartOf":{"@id":"https:\/\/present.enterprises\/de\/#website"},"primaryImageOfPage":{"@id":"http:\/\/present.enterprises\/de\/about-martha-de\/#primaryimage"},"image":{"@id":"http:\/\/present.enterprises\/de\/about-martha-de\/#primaryimage"},"thumbnailUrl":"http:\/\/present.enterprises\/wp-content\/uploads\/2022\/05\/alleLogos_Zeichenflache-1-300x72.jpg","datePublished":"2022-06-01T19:29:02+00:00","dateModified":"2022-07-27T18:45:23+00:00","breadcrumb":{"@id":"http:\/\/present.enterprises\/de\/about-martha-de\/#breadcrumb"},"inLanguage":"de","potentialAction":[{"@type":"ReadAction","target":["http:\/\/present.enterprises\/de\/about-martha-de\/"]}]},{"@type":"ImageObject","inLanguage":"de","@id":"http:\/\/present.enterprises\/de\/about-martha-de\/#primaryimage","url":"http:\/\/present.enterprises\/wp-content\/uploads\/2022\/05\/alleLogos_Zeichenflache-1-300x72.jpg","contentUrl":"http:\/\/present.enterprises\/wp-content\/uploads\/2022\/05\/alleLogos_Zeichenflache-1-300x72.jpg"},{"@type":"BreadcrumbList","@id":"http:\/\/present.enterprises\/de\/about-martha-de\/#breadcrumb","itemListElement":[{"@type":"ListItem","position":1,"name":"Home","item":"http:\/\/present.enterprises\/de\/"},{"@type":"ListItem","position":2,"name":"info"}]},{"@type":"WebSite","@id":"https:\/\/present.enterprises\/de\/#website","url":"https:\/\/present.enterprises\/de\/","name":"present enterprises","description":"Time is sensation, not gravity.","potentialAction":[{"@type":"SearchAction","target":{"@type":"EntryPoint","urlTemplate":"https:\/\/present.enterprises\/de\/?s={search_term_string}"},"query-input":{"@type":"PropertyValueSpecification","valueRequired":true,"valueName":"search_term_string"}}],"inLanguage":"de"}]}},"_links":{"self":[{"href":"http:\/\/present.enterprises\/de\/wp-json\/wp\/v2\/pages\/183","targetHints":{"allow":["GET"]}}],"collection":[{"href":"http:\/\/present.enterprises\/de\/wp-json\/wp\/v2\/pages"}],"about":[{"href":"http:\/\/present.enterprises\/de\/wp-json\/wp\/v2\/types\/page"}],"author":[{"embeddable":true,"href":"http:\/\/present.enterprises\/de\/wp-json\/wp\/v2\/users\/1"}],"replies":[{"embeddable":true,"href":"http:\/\/present.enterprises\/de\/wp-json\/wp\/v2\/comments?post=183"}],"version-history":[{"count":13,"href":"http:\/\/present.enterprises\/de\/wp-json\/wp\/v2\/pages\/183\/revisions"}],"predecessor-version":[{"id":353,"href":"http:\/\/present.enterprises\/de\/wp-json\/wp\/v2\/pages\/183\/revisions\/353"}],"wp:attachment":[{"href":"http:\/\/present.enterprises\/de\/wp-json\/wp\/v2\/media?parent=183"}],"curies":[{"name":"wp","href":"https:\/\/api.w.org\/{rel}","templated":true}]}}